{"id":2055,"date":"2023-07-03T07:49:22","date_gmt":"2023-07-03T07:49:22","guid":{"rendered":"https:\/\/vixav.com.vn\/?page_id=2055"},"modified":"2023-07-03T07:53:48","modified_gmt":"2023-07-03T07:53:48","slug":"chung-nhan","status":"publish","type":"page","link":"https:\/\/vixav.com.vn\/index.php\/chung-nhan\/","title":{"rendered":"Ch\u1ee9ng nh\u1eadn"},"content":{"rendered":"\t\t<div data-elementor-type=\"wp-page\" data-elementor-id=\"2055\" class=\"elementor elementor-2055\">\n\t\t\t\t<div class=\"elementor-element elementor-element-c5fd11c e-grid e-con-boxed e-con e-parent\" data-id=\"c5fd11c\" data-element_type=\"container\">\n\t\t\t\t\t<div class=\"e-con-inner\">\n\t\t\t\t<div class=\"elementor-element elementor-element-f245b79 elementor-widget elementor-widget-image\" data-id=\"f245b79\" data-element_type=\"widget\" data-widget_type=\"image.default\">\n\t\t\t\t<div class=\"elementor-widget-container\">\n\t\t\t\t\t\t\t\t\t\t\t\t\t\t\t<img fetchpriority=\"high\" decoding=\"async\" width=\"588\" height=\"830\" src=\"https:\/\/vixav.com.vn\/wp-content\/uploads\/2023\/07\/z4474069707216_dd14e1adb6a0526df0018ecfdfc97253.jpg\" class=\"attachment-large size-large wp-image-2057\" alt=\"\" srcset=\"https:\/\/vixav.com.vn\/wp-content\/uploads\/2023\/07\/z4474069707216_dd14e1adb6a0526df0018ecfdfc97253.jpg 588w, https:\/\/vixav.com.vn\/wp-content\/uploads\/2023\/07\/z4474069707216_dd14e1adb6a0526df0018ecfdfc97253-213x300.jpg 213w\" sizes=\"(max-width: 588px) 100vw, 588px\" \/>\t\t\t\t\t\t\t\t\t\t\t\t\t\t\t<\/div>\n\t\t\t\t<\/div>\n\t\t\t\t<div class=\"elementor-element elementor-element-81824d8 elementor-button-info elementor-absolute elementor-widget elementor-widget-button\" data-id=\"81824d8\" data-element_type=\"widget\" data-settings=\"{&quot;_position&quot;:&quot;absolute&quot;}\" data-widget_type=\"button.default\">\n\t\t\t\t<div class=\"elementor-widget-container\">\n\t\t\t\t\t\t\t\t\t<div class=\"elementor-button-wrapper\">\n\t\t\t\t\t<a class=\"elementor-button elementor-button-link elementor-size-sm\" href=\"http:\/\/www.cypeurope.com\/distributors#Vietnam\">\n\t\t\t\t\t\t<span class=\"elementor-button-content-wrapper\">\n\t\t\t\t\t\t\t\t\t<span class=\"elementor-button-text\">B\u1ea5m v\u00e0o \u0111\u00e2y<\/span>\n\t\t\t\t\t<\/span>\n\t\t\t\t\t<\/a>\n\t\t\t\t<\/div>\n\t\t\t\t\t\t\t\t<\/div>\n\t\t\t\t<\/div>\n\t\t\t\t<div class=\"elementor-element elementor-element-a2717ce elementor-widget elementor-widget-heading\" data-id=\"a2717ce\" data-element_type=\"widget\" data-widget_type=\"heading.default\">\n\t\t\t\t<div class=\"elementor-widget-container\">\n\t\t\t\t\t<h2 class=\"elementor-heading-title elementor-size-default\">Th\u00f4ng tin \u0111\u1ea1i l\u00fd ph\u00e2n ph\u1ed1i \nh\u00e3ng CYP Europe<\/h2>\t\t\t\t<\/div>\n\t\t\t\t<\/div>\n\t\t\t\t\t<\/div>\n\t\t\t\t<\/div>\n\t\t\t\t<\/div>\n\t\t","protected":false},"excerpt":{"rendered":"<p>B\u1ea5m v\u00e0o \u0111\u00e2y Th\u00f4ng tin \u0111\u1ea1i l\u00fd ph\u00e2n ph\u1ed1i h\u00e3ng CYP Europe<\/p>\n","protected":false},"author":1,"featured_media":0,"parent":0,"menu_order":0,"comment_status":"closed","ping_status":"closed","template":"","meta":{"footnotes":""},"class_list":{"1":"page","2":"type-page","3":"status-publish","4":"hentry"},"_links":{"self":[{"href":"https:\/\/vixav.com.vn\/index.php\/wp-json\/wp\/v2\/pages\/2055","targetHints":{"allow":["GET"]}}],"collection":[{"href":"https:\/\/vixav.com.vn\/index.php\/wp-json\/wp\/v2\/pages"}],"about":[{"href":"https:\/\/vixav.com.vn\/index.php\/wp-json\/wp\/v2\/types\/page"}],"author":[{"embeddable":true,"href":"https:\/\/vixav.com.vn\/index.php\/wp-json\/wp\/v2\/users\/1"}],"replies":[{"embeddable":true,"href":"https:\/\/vixav.com.vn\/index.php\/wp-json\/wp\/v2\/comments?post=2055"}],"version-history":[{"count":8,"href":"https:\/\/vixav.com.vn\/index.php\/wp-json\/wp\/v2\/pages\/2055\/revisions"}],"predecessor-version":[{"id":2064,"href":"https:\/\/vixav.com.vn\/index.php\/wp-json\/wp\/v2\/pages\/2055\/revisions\/2064"}],"wp:attachment":[{"href":"https:\/\/vixav.com.vn\/index.php\/wp-json\/wp\/v2\/media?parent=2055"}],"curies":[{"name":"wp","href":"https:\/\/api.w.org\/{rel}","templated":true}]}}