{"id":1418,"date":"2021-12-21T04:49:49","date_gmt":"2021-12-21T04:49:49","guid":{"rendered":"https:\/\/vixav.com.vn\/?page_id=1418"},"modified":"2021-12-21T04:54:55","modified_gmt":"2021-12-21T04:54:55","slug":"giaohang","status":"publish","type":"page","link":"https:\/\/vixav.com.vn\/index.php\/giaohang\/","title":{"rendered":"Ch\u00ednh s\u00e1ch giao h\u00e0ng"},"content":{"rendered":"\t\t<div data-elementor-type=\"wp-page\" data-elementor-id=\"1418\" class=\"elementor elementor-1418\">\n\t\t\t\t\t\t<section class=\"elementor-section elementor-top-section elementor-element elementor-element-d5840c9 elementor-section-boxed elementor-section-height-default elementor-section-height-default\" data-id=\"d5840c9\" data-element_type=\"section\">\n\t\t\t\t\t\t<div class=\"elementor-container elementor-column-gap-default\">\n\t\t\t\t\t<div class=\"elementor-column elementor-col-100 elementor-top-column elementor-element elementor-element-a062d80\" data-id=\"a062d80\" data-element_type=\"column\">\n\t\t\t<div class=\"elementor-widget-wrap elementor-element-populated\">\n\t\t\t\t\t\t<div class=\"elementor-element elementor-element-d49bb74 elementor-widget elementor-widget-heading\" data-id=\"d49bb74\" data-element_type=\"widget\" data-widget_type=\"heading.default\">\n\t\t\t\t<div class=\"elementor-widget-container\">\n\t\t\t\t\t<h2 class=\"elementor-heading-title elementor-size-default\">Ch\u00ednh s\u00e1ch giao h\u00e0ng<\/h2>\t\t\t\t<\/div>\n\t\t\t\t<\/div>\n\t\t\t\t\t<\/div>\n\t\t<\/div>\n\t\t\t\t\t<\/div>\n\t\t<\/section>\n\t\t\t\t<section class=\"elementor-section elementor-top-section elementor-element elementor-element-3a0afb7 elementor-section-boxed elementor-section-height-default elementor-section-height-default\" data-id=\"3a0afb7\" data-element_type=\"section\">\n\t\t\t\t\t\t<div class=\"elementor-container elementor-column-gap-default\">\n\t\t\t\t\t<div class=\"elementor-column elementor-col-100 elementor-top-column elementor-element elementor-element-9a0ae97\" data-id=\"9a0ae97\" data-element_type=\"column\">\n\t\t\t<div class=\"elementor-widget-wrap elementor-element-populated\">\n\t\t\t\t\t\t<div class=\"elementor-element elementor-element-a46bac0 elementor-widget elementor-widget-text-editor\" data-id=\"a46bac0\" data-element_type=\"widget\" data-widget_type=\"text-editor.default\">\n\t\t\t\t<div class=\"elementor-widget-container\">\n\t\t\t\t\t\t\t\t\t<h3 style=\"font-family: Arial, 'Helvetica Neue', Helvetica, sans-serif; line-height: 1.1; color: #333333; margin-bottom: 10px; max-width: 100%; letter-spacing: normal; text-align: justify; font-size: 18px !important; height: auto !important;\"><span style=\"max-width: 100%; color: #ff6600; height: auto !important;\">I\/ \u0110\u1ed1i v\u1edbi giao h\u00e0ng v\u00e0 l\u1eafp \u0111\u1eb7t t\u1eadn n\u01a1i<\/span><\/h3>\n<ul style=\"margin-bottom: 0px; padding-left: 20px; padding-top: 5px; color: #333333; font-family: 'Helvetica Neue', Helvetica, sans-serif; font-size: 16px; text-align: justify;\">\n<li style=\"list-style: disc;\"><span style=\"max-width: 100%; color: #ff0000; height: auto !important;\"><span style=\"max-width: 100%; color: #000000; height: auto !important;\"><span style=\"font-weight: bold;\">T\u1ea5t c\u1ea3 c\u00e1c d\u00f2ng s\u1ea3n ph\u1ea9m<\/span><\/span><\/span><\/li>\n<\/ul>\n<p style=\"margin-bottom: 10px; max-width: 100%; color: #333333; font-family: 'Helvetica Neue', Helvetica, sans-serif; font-size: 16px; text-align: justify; height: auto !important;\"><span style=\"max-width: 100%; color: #ff0000; height: auto !important;\"><span style=\"max-width: 100%; color: #000000; height: auto !important;\">&#8211; Giao h\u00e0ng mi\u1ec5n ph\u00ed b\u00e1n k\u00ednh 5 Km (qu\u00e1 5 Km s\u1ebd t\u00ednh ph\u00ed&nbsp;<span style=\"font-weight: bold;\">10.000\u0110\/Km<\/span>&nbsp;<em>( m\u01b0\u1eddi ngh\u00ecn \u0111\u1ed3ng tr\u00ean m\u1ed9t Km)<\/em>&nbsp;t\u0103ng th\u00eam).<\/span><\/span><\/p>\n<p style=\"margin-bottom: 10px; max-width: 100%; color: #333333; font-family: 'Helvetica Neue', Helvetica, sans-serif; font-size: 16px; text-align: justify; height: auto !important;\"><span style=\"max-width: 100%; color: #ff0000; height: auto !important;\"><span style=\"max-width: 100%; color: #000000; height: auto !important;\"><span style=\"font-size: 16px; text-align: justify;\">&#8211; \u0110\u1ed1i v\u1edbi c\u00e1c s\u1ea3n ph\u1ea9m v\u1eadn chuy\u1ec3n b\u1eb1ng \u00f4 t\u00f4 s\u1ebd c\u00f3 th\u1ecfa thu\u1eadn ri\u00eang.<\/span><br><\/span><\/span><\/p>\n<h3 style=\"font-family: Arial, 'Helvetica Neue', Helvetica, sans-serif; line-height: 1.1; color: #333333; margin-bottom: 10px; max-width: 100%; letter-spacing: normal; text-align: justify; font-size: 18px !important; height: auto !important;\"><span style=\"max-width: 100%; color: #ff6600; height: auto !important;\">II\/ \u0110\u1ed1i v\u1edbi kh\u00e1ch h\u00e0ng t\u1ec9nh v\u00e0 giao nh\u1eadn h\u00e0ng h\u00f3a b\u1eb1ng d\u1ecbch v\u1ee5 chuy\u1ec3n ph\u00e1t<\/span><\/h3>\n<ul style=\"margin-bottom: 0px; padding-left: 20px; padding-top: 5px; color: #333333; font-family: 'Helvetica Neue', Helvetica, sans-serif; font-size: 16px; text-align: justify;\">\n<li style=\"list-style: disc;\"><span style=\"max-width: 100%; color: #ff0000; height: auto !important;\"><span style=\"max-width: 100%; color: #000000; height: auto !important;\"><span style=\"font-weight: bold;\">T\u1ea5t c\u1ea3 c\u00e1c d\u00f2ng s\u1ea3n ph\u1ea9m s\u1eed d\u1ee5ng d\u1ecbch v\u1ee5 chuy\u1ec3n ph\u00e1t (nh\u01b0 Vietlel Post, giao h\u00e0nh nhanh, giao h\u00e0ng ti\u1ebft ki\u1ec7m); g\u1eedi xe \u00f4 t\u00f4.&nbsp;<\/span><\/span><\/span><\/li>\n<\/ul>\n<p style=\"margin-bottom: 10px; max-width: 100%; color: #333333; font-family: 'Helvetica Neue', Helvetica, sans-serif; font-size: 16px; text-align: justify; height: auto !important;\"><span style=\"max-width: 100%; color: #ff0000; height: auto !important;\"><span style=\"max-width: 100%; color: #000000; height: auto !important;\">&#8211; Khi g\u1eedi h\u00e0ng b\u1eb1ng d\u1ecbch v\u1ee5 chuy\u1ec3n ph\u00e1t, kh\u00e1ch h\u00e0ng \u0111\u1eb7t c\u1ecdc t\u1eeb 300.000\u0110 tr\u1edf l\u00ean (t\u00f9y gi\u00e1 tr\u1ecb \u0111\u01a1n h\u00e0ng) v\u00e0 kh\u00e1ch h\u00e0ng tr\u1ea3 ph\u00ed v\u1eadn chuy\u1ec3n.<\/span><\/span><\/p>\n<p style=\"margin-bottom: 10px; max-width: 100%; color: rgb(51, 51, 51); font-family: &quot;Helvetica Neue&quot;, Helvetica, sans-serif; font-size: 16px; text-align: justify; height: auto !important;\">\n<\/p><div style=\"padding: 15px; margin-bottom: 20px; border-width: 1px; border-style: solid; border-color: rgb(154, 207, 234); border-radius: 4px; color: rgb(49, 112, 143); background-color: rgb(217, 237, 247); text-shadow: rgba(255, 255, 255, 0.2) 0px 1px 0px; box-shadow: rgba(255, 255, 255, 0.25) 0px 1px 0px inset, rgba(0, 0, 0, 0.05) 0px 1px 2px; background-image: linear-gradient(rgb(217, 237, 247) 0px, rgb(185, 222, 240) 100%); background-repeat: repeat-x; font-family: &quot;Helvetica Neue&quot;, Helvetica, sans-serif; font-size: 16px; text-align: start;\">\n<p style=\"margin-bottom: 0px; max-width: 100%; height: auto !important;\"><span style=\"font-weight: 700;\"><span style=\"max-width: 100%; color: rgb(255, 0, 0); height: auto !important;\">L\u01b0u \u00fd:<\/span>&nbsp;<\/span><span style=\"max-width: 100%; color: rgb(0, 0, 0); height: auto !important;\">Kho\u1ea3ng c\u00e1ch t\u00ednh t\u1eeb v\u0103n ph\u00f2ng giao d\u1ecbch ViX AV \u0111\u1ebfn \u0111\u1ecba \u0111i\u1ec3m nh\u1eadn h\u00e0ng (t\u00ednh theo google map)<\/span><\/p>\n<\/div>\n<p style=\"margin-bottom: 10px; max-width: 100%; color: #333333; font-family: 'Helvetica Neue', Helvetica, sans-serif; font-size: 16px; text-align: justify; height: auto !important;\"><span style=\"max-width: 100%; color: #ff0000; height: auto !important;\"><span style=\"max-width: 100%; color: #000000; height: auto !important;\"><\/span><\/span><\/p>\n<p style=\"margin-bottom: 10px; max-width: 100%; color: rgb(51, 51, 51); font-family: &quot;Helvetica Neue&quot;, Helvetica, sans-serif; font-size: 16px; text-align: start; height: auto !important;\"><br><\/p>\n<p><\/p>\t\t\t\t\t\t\t\t<\/div>\n\t\t\t\t<\/div>\n\t\t\t\t\t<\/div>\n\t\t<\/div>\n\t\t\t\t\t<\/div>\n\t\t<\/section>\n\t\t\t\t<\/div>\n\t\t","protected":false},"excerpt":{"rendered":"<p>Ch\u00ednh s\u00e1ch giao h\u00e0ng I\/ \u0110\u1ed1i v\u1edbi giao h\u00e0ng v\u00e0 l\u1eafp \u0111\u1eb7t t\u1eadn n\u01a1i T\u1ea5t c\u1ea3 c\u00e1c d\u00f2ng s\u1ea3n ph\u1ea9m &#8211; Giao h\u00e0ng mi\u1ec5n ph\u00ed b\u00e1n k\u00ednh 5 Km (qu\u00e1<\/p>\n","protected":false},"author":1,"featured_media":0,"parent":0,"menu_order":0,"comment_status":"closed","ping_status":"closed","template":"","meta":{"footnotes":""},"class_list":{"1":"page","2":"type-page","3":"status-publish","4":"hentry"},"_links":{"self":[{"href":"https:\/\/vixav.com.vn\/index.php\/wp-json\/wp\/v2\/pages\/1418","targetHints":{"allow":["GET"]}}],"collection":[{"href":"https:\/\/vixav.com.vn\/index.php\/wp-json\/wp\/v2\/pages"}],"about":[{"href":"https:\/\/vixav.com.vn\/index.php\/wp-json\/wp\/v2\/types\/page"}],"author":[{"embeddable":true,"href":"https:\/\/vixav.com.vn\/index.php\/wp-json\/wp\/v2\/users\/1"}],"replies":[{"embeddable":true,"href":"https:\/\/vixav.com.vn\/index.php\/wp-json\/wp\/v2\/comments?post=1418"}],"version-history":[{"count":5,"href":"https:\/\/vixav.com.vn\/index.php\/wp-json\/wp\/v2\/pages\/1418\/revisions"}],"predecessor-version":[{"id":1423,"href":"https:\/\/vixav.com.vn\/index.php\/wp-json\/wp\/v2\/pages\/1418\/revisions\/1423"}],"wp:attachment":[{"href":"https:\/\/vixav.com.vn\/index.php\/wp-json\/wp\/v2\/media?parent=1418"}],"curies":[{"name":"wp","href":"https:\/\/api.w.org\/{rel}","templated":true}]}}