{"id":13,"date":"2021-12-15T09:16:50","date_gmt":"2021-12-15T09:16:50","guid":{"rendered":"https:\/\/vixav.com.vn\/?page_id=13"},"modified":"2021-12-21T04:19:40","modified_gmt":"2021-12-21T04:19:40","slug":"refund_returns","status":"publish","type":"page","link":"https:\/\/vixav.com.vn\/index.php\/refund_returns\/","title":{"rendered":"Ch\u00ednh s\u00e1ch \u0111\u1ed5i tr\u1ea3 h\u00e0ng"},"content":{"rendered":"\t\t<div data-elementor-type=\"wp-page\" data-elementor-id=\"13\" class=\"elementor elementor-13\">\n\t\t\t\t\t\t<section class=\"elementor-section elementor-top-section elementor-element elementor-element-e53b332 elementor-section-boxed elementor-section-height-default elementor-section-height-default\" data-id=\"e53b332\" data-element_type=\"section\">\n\t\t\t\t\t\t<div class=\"elementor-container elementor-column-gap-default\">\n\t\t\t\t\t<div class=\"elementor-column elementor-col-100 elementor-top-column elementor-element elementor-element-d1f5b1c\" data-id=\"d1f5b1c\" data-element_type=\"column\">\n\t\t\t<div class=\"elementor-widget-wrap elementor-element-populated\">\n\t\t\t\t\t\t<div class=\"elementor-element elementor-element-20495e6 elementor-widget elementor-widget-heading\" data-id=\"20495e6\" data-element_type=\"widget\" data-widget_type=\"heading.default\">\n\t\t\t\t<div class=\"elementor-widget-container\">\n\t\t\t\t\t<h2 class=\"elementor-heading-title elementor-size-default\">Ch\u00ednh s\u00e1ch \u0111\u1ed5i tr\u1ea3 h\u00e0ng<\/h2>\t\t\t\t<\/div>\n\t\t\t\t<\/div>\n\t\t\t\t\t<\/div>\n\t\t<\/div>\n\t\t\t\t\t<\/div>\n\t\t<\/section>\n\t\t\t\t<section class=\"elementor-section elementor-top-section elementor-element elementor-element-87161cb elementor-section-boxed elementor-section-height-default elementor-section-height-default\" data-id=\"87161cb\" data-element_type=\"section\">\n\t\t\t\t\t\t<div class=\"elementor-container elementor-column-gap-default\">\n\t\t\t\t\t<div class=\"elementor-column elementor-col-100 elementor-top-column elementor-element elementor-element-01c4e41\" data-id=\"01c4e41\" data-element_type=\"column\">\n\t\t\t<div class=\"elementor-widget-wrap elementor-element-populated\">\n\t\t\t\t\t\t<div class=\"elementor-element elementor-element-d76276e elementor-widget elementor-widget-text-editor\" data-id=\"d76276e\" data-element_type=\"widget\" data-widget_type=\"text-editor.default\">\n\t\t\t\t<div class=\"elementor-widget-container\">\n\t\t\t\t\t\t\t\t\t<p style=\"margin-bottom: 10px; max-width: 100%; color: #333333; font-family: 'Helvetica Neue', Helvetica, sans-serif; font-size: 16px; text-align: justify; height: auto !important;\">Nh\u1eb1m \u0111\u1ea3m b\u1ea3o quy\u1ec1n l\u1ee3i t\u1ed1i \u0111a cho kh\u00e1ch h\u00e0ng khi mua s\u1eafm h\u00e0ng h\u00f3a v\u00e0 d\u1ecbch v\u1ee5 ch\u00ednh h\u00e3ng, thu\u1eadn l\u1ee3i nh\u1ea5t trong qu\u00e1 tr\u00ecnh s\u1eed d\u1ee5ng, c\u0169ng nh\u01b0 n\u00e2ng cao d\u1ecbch v\u1ee5 sau b\u00e1n h\u00e0ng. <span style=\"font-weight: bold;\">C\u00f4ng ty TNHH th\u01b0\u01a1ng m\u1ea1i v\u00e0 xu\u1ea5t nh\u1eadp kh\u1ea9u ViX AV Vi\u1ec7t Nam<\/span>\u00a0xin \u0111\u01b0\u1ee3c th\u00f4ng tin \u0111\u1ebfn qu\u00fd kh\u00e1ch h\u00e0ng ch\u00ednh s\u00e1ch b\u1ea3o h\u00e0nh \u0111\u1ed5i tr\u1ea3 c\u1ee5 th\u1ec3 nh\u01b0 sau.<\/p>\n<p style=\"margin-bottom: 10px; max-width: 100%; color: #333333; font-family: 'Helvetica Neue', Helvetica, sans-serif; font-size: 16px; text-align: start; height: auto !important;\">\u00a0<\/p>\n<h2 style=\"font-family: Arial, 'Helvetica Neue', Helvetica, sans-serif; line-height: 1.1; color: #333333; margin-bottom: 10px; max-width: 100%; letter-spacing: normal; text-align: start; font-size: 20px !important; height: auto !important;\"><span style=\"max-width: 100%; color: #ff6600; height: auto !important;\">I.\u00a0TH\u1edcI GIAN \u00c1P D\u1ee4NG. (T\u00cdNH T\u1eea TH\u1edcI \u0110I\u1ec2M B\u00c0N GIAO THI\u1ebeT B\u1eca)<\/span><\/h2>\n<h3 style=\"font-family: Arial, 'Helvetica Neue', Helvetica, sans-serif; line-height: 1.1; color: #333333; margin-bottom: 10px; max-width: 100%; letter-spacing: normal; text-align: justify; font-size: 18px !important; height: auto !important;\"><span style=\"max-width: 100%; color: #ff6600; height: auto !important;\">1. T\u1ea5t c\u1ea3 c\u00e1c thi\u1ebft b\u1ecb ViX AV cung c\u1ea5p<\/span><\/h3>\n<ul style=\"margin-bottom: 0px; padding-left: 20px; padding-top: 5px; color: #333333; font-family: 'Helvetica Neue', Helvetica, sans-serif; font-size: 16px; text-align: start;\">\n<li style=\"list-style: disc;\"><b>7 Ng\u00e0y<\/b><\/li>\n<\/ul>\n<p style=\"margin-bottom: 10px; max-width: 100%; color: #333333; font-family: 'Helvetica Neue', Helvetica, sans-serif; font-size: 16px; text-align: start; height: auto !important;\">\u00a0<\/p>\n<h3 style=\"font-family: Arial, 'Helvetica Neue', Helvetica, sans-serif; line-height: 1.1; color: #333333; margin-bottom: 10px; max-width: 100%; letter-spacing: normal; text-align: justify; font-size: 18px !important; height: auto !important;\"><span style=\"max-width: 100%; color: #ff6600; height: auto !important;\">2. S\u01a1n k\u00ednh cho m\u00e0n chi\u1ebfu phim<\/span><\/h3>\n<ul style=\"margin-bottom: 0px; padding-left: 20px; padding-top: 5px; color: #333333; font-family: 'Helvetica Neue', Helvetica, sans-serif; font-size: 16px; text-align: start;\">\n<li style=\"list-style: disc;\"><b>Kh\u00f4ng \u00e1p d\u1ee5ng ch\u00ednh s\u00e1ch \u0111\u1ed5i tr\u1ea3<\/b><\/li>\n<\/ul>\n<p style=\"margin-bottom: 10px; max-width: 100%; color: #333333; font-family: 'Helvetica Neue', Helvetica, sans-serif; font-size: 16px; text-align: justify; height: auto !important;\">\u00a0<\/p>\n<h3 style=\"font-family: Arial, 'Helvetica Neue', Helvetica, sans-serif; line-height: 1.1; color: #333333; margin-bottom: 10px; max-width: 100%; letter-spacing: normal; text-align: justify; font-size: 18px !important; height: auto !important;\"><span style=\"max-width: 100%; color: #ff6600; height: auto !important;\">3. Ph\u1ee5 ki\u1ec7n<\/span><\/h3>\n<div>\n<ul style=\"font-size: 16px; margin-bottom: 0px; padding-top: 5px; padding-left: 20px; text-align: start; color: #333333;\">\n<li style=\"list-style: disc;\"><span style=\"font-weight: bold;\">Kh\u00f4ng \u00e1p d\u1ee5ng ch\u00ednh s\u00e1ch \u0111\u1ed5i tr\u1ea3<\/span><\/li>\n<\/ul>\n<\/div>\n<p style=\"margin-bottom: 10px; max-width: 100%; color: #333333; font-family: 'Helvetica Neue', Helvetica, sans-serif; font-size: 16px; text-align: start; height: auto !important;\">\u00a0<\/p>\n<h2 style=\"font-family: Arial, 'Helvetica Neue', Helvetica, sans-serif; line-height: 1.1; color: #333333; margin-bottom: 10px; max-width: 100%; letter-spacing: normal; text-align: left; font-size: 20px !important; height: auto !important;\"><span style=\"max-width: 100%; color: #ff6600; height: auto !important;\">II. C\u00e1c \u0111i\u1ec1u ki\u1ec7n \u0111\u1ec3 qu\u00fd kh\u00e1ch \u0111\u01b0\u1ee3c \u0111\u1ed5i h\u00e0ng<\/span><\/h2>\n<p style=\"margin-bottom: 10px; max-width: 100%; color: #333333; font-family: 'Helvetica Neue', Helvetica, sans-serif; font-size: 16px; text-align: justify; height: auto !important;\"><span style=\"max-width: 100%; color: #ff6600; height: auto !important;\"><span style=\"font-weight: bold;\">1<\/span>.<\/span>\u00a0Nh\u1eefng thi\u1ebft b\u1ecb qu\u00fd kh\u00e1ch mua t\u1ea1i\u00a0<img decoding=\"async\" style=\"font-size: inherit; text-align: inherit; color: #c90000; font-family: Montserrat, sans-serif; letter-spacing: 0px;\" src=\"https:\/\/vixav.com.vn\/wp-content\/uploads\/2021\/12\/Asset-1.svg\" alt=\"\" width=\"36\" height=\"17\" \/>\u00a0<b style=\"letter-spacing: 0px;\">ViX AV\u00a0<\/b><span style=\"font-size: 16px; text-align: justify; letter-spacing: 0px;\">ph\u1ea3i c\u00f2n nguy\u00ean tem ni\u00eam phong c\u1ee7a\u00a0ch\u00fang t\u00f4i\u00a0ho\u1eb7c c\u1ee7a nh\u00e0 s\u1ea3n xu\u1ea5t, \u0111\u01a1n v\u1ecb \u1ee7y quy\u1ec1n ch\u00ednh h\u00e3ng. ( \u0111\u1eb7c bi\u1ec7t v\u1edbi tem k\u00edch ho\u1ea1t b\u1ea3o h\u00e0nh ph\u1ea3i c\u00f2n nguy\u00ean )<\/span><\/p>\n<p style=\"margin-bottom: 10px; max-width: 100%; color: #333333; font-family: 'Helvetica Neue', Helvetica, sans-serif; font-size: 16px; text-align: justify; height: auto !important;\"><span style=\"max-width: 100%; color: #ff6600; height: auto !important;\"><span style=\"font-weight: bold;\">2<\/span>.<\/span>\u00a0To\u00e0n b\u1ed9 s\u1ea3n ph\u1ea9m ph\u1ea3i\u00a0\u0111\u01b0\u1ee3c x\u00e1c \u0111\u1ecbnh b\u1ecb l\u1ed7i k\u1ef9 thu\u1eadt b\u1edfi c\u00e1c K\u1ef9 thu\u1eadt vi\u00ean c\u1ee7a\u00a0<img decoding=\"async\" style=\"font-size: inherit; text-align: inherit; color: #c90000; font-family: Montserrat, sans-serif; letter-spacing: 0px;\" src=\"https:\/\/vixav.com.vn\/wp-content\/uploads\/2021\/12\/Asset-1.svg\" alt=\"\" width=\"36\" height=\"17\" \/>\u00a0<b style=\"letter-spacing: 0px;\">ViX AV<\/b><span style=\"font-size: 16px; text-align: justify; letter-spacing: 0px;\">\u00a0ho\u1eb7c c\u1ee7a nh\u00e0 s\u1ea3n xu\u1ea5t, \u0111\u01a1n v\u1ecb \u1ee7y quy\u1ec1n ch\u00ednh h\u00e3ng.<\/span><\/p>\n<p style=\"margin-bottom: 10px; max-width: 100%; color: #333333; font-family: 'Helvetica Neue', Helvetica, sans-serif; font-size: 16px; text-align: justify; height: auto !important;\"><span style=\"max-width: 100%; color: #ff6600; height: auto !important;\"><span style=\"font-weight: bold;\">3<\/span>.<\/span>\u00a0S\u1ea3n ph\u1ea9m khi \u0111\u01b0\u1ee3c nh\u00e2n vi\u00ean k\u1ef9 thu\u1eadt c\u1ee7a ch\u00fang t\u00f4i nh\u1eadn l\u1ea1i ph\u1ea3i c\u00f2n nguy\u00ean v\u1eb9n v\u1ecf th\u00f9ng, x\u1ed1p v\u00e0 \u0111\u1ea7y \u0111\u1ee7 c\u00e1c ph\u1ee5 ki\u1ec7n k\u00e8m theo ( nilon, x\u00e1ch h\u01b0\u1edbng d\u1eabn, d\u00e2y ngu\u1ed3n), qu\u00e0 khuy\u1ebfn m\u00e3i (n\u1ebfu c\u00f3)\u2026<\/p>\n<p style=\"margin-bottom: 10px; max-width: 100%; color: #333333; font-family: 'Helvetica Neue', Helvetica, sans-serif; font-size: 16px; text-align: justify; height: auto !important;\"><span style=\"max-width: 100%; color: #ff6600; height: auto !important;\"><span style=\"font-weight: bold;\">4<\/span>.<\/span>\u00a0H\u00ecnh th\u1ee9c s\u1ea3n ph\u1ea9m khi \u0111\u01b0\u1ee3c nh\u1eadn l\u1ea1i kh\u00f4ng b\u1ecb l\u1ed7i h\u00ecnh th\u1ee9c (tr\u1ea7y x\u01b0\u1edbc, v\u1ee1, m\u00f3p m\u00e9o, \u1ed1 v\u00e0ng,\u2026)<\/p>\n<p style=\"margin-bottom: 10px; max-width: 100%; color: #333333; font-family: 'Helvetica Neue', Helvetica, sans-serif; font-size: 16px; text-align: justify; height: auto !important;\"><span style=\"max-width: 100%; color: #ff6600; height: auto !important;\"><span style=\"font-weight: bold;\">5<\/span>.<\/span>\u00a0S\u1ea3n ph\u1ea9m khi nh\u1eadn l\u1ea1i ph\u1ea3i c\u00f3 \u0111\u1ea7y \u0111\u1ee7 c\u00e1c ch\u1ee9ng t\u1eeb k\u00e8m theo nh\u01b0 (ch\u1ee9ng t\u1eeb mua h\u00e0ng ho\u1eb7c th\u00f4ng tin s\u1ed1 \u0111i\u1ec7n tho\u1ea1i mua h\u00e0ng \u0111\u01b0\u1ee3c l\u01b0u tr\u00ean h\u1ec7 th\u1ed1ng c\u1ee7a\u00a0<img decoding=\"async\" src=\"https:\/\/vixav.com.vn\/wp-content\/uploads\/2021\/12\/Asset-1.svg\" alt=\"\" width=\"36\" height=\"17\" \/>\u00a0<span style=\"font-size: 16px; font-weight: bold; letter-spacing: 0px; text-align: justify;\">ViX AV<\/span><span style=\"font-size: 16px; text-align: justify; letter-spacing: 0px;\">, h\u00f3a \u0111\u01a1n VAT n\u1ebfu c\u00f3, phi\u1ebfu b\u1ea3o h\u00e0nh, s\u00e1ch h\u01b0\u1edbng d\u1eabn, catalogue\u2026)<\/span><\/p>\n<p style=\"margin-bottom: 10px; max-width: 100%; color: #333333; font-family: 'Helvetica Neue', Helvetica, sans-serif; font-size: 16px; text-align: justify; height: auto !important;\"><span style=\"max-width: 100%; color: #ff6600; height: auto !important;\"><span style=\"font-weight: bold;\">6.\u00a0<\/span><\/span><span style=\"max-width: 100%; color: #ff0000; height: auto !important;\"><span style=\"font-weight: bold;\">KH\u00d4NG<\/span><\/span>\u00a0\u00e1p d\u1ee5ng \u0111\u1ed5i sang s\u1ea3n ph\u1ea9m kh\u00e1c t\u01b0\u01a1ng \u0111\u01b0\u01a1ng ho\u1eb7c gi\u00e1 cao h\u01a1n.<\/p>\n<p style=\"margin-bottom: 10px; max-width: 100%; color: #333333; font-family: 'Helvetica Neue', Helvetica, sans-serif; font-size: 16px; text-align: justify; height: auto !important;\"><span style=\"font-weight: bold;\"><em>S\u1ea3n ph\u1ea9m \u0111\u00e3 b\u00e1n kh\u00f4ng \u0111\u01b0\u1ee3c tr\u1ea3 l\u1ea1i v\u00e0 kh\u00f4ng \u0111\u01b0\u1ee3c ho\u00e0n ti\u1ec1n \u1edf b\u1ea5t c\u1ee9 tr\u01b0\u1eddng h\u1ee3p n\u00e0o.\u00a0<\/em><\/span><img decoding=\"async\" style=\"font-size: inherit; text-align: inherit; color: #c90000; font-family: Montserrat, sans-serif; letter-spacing: 0px;\" src=\"https:\/\/vixav.com.vn\/wp-content\/uploads\/2021\/12\/Asset-1.svg\" alt=\"\" width=\"36\" height=\"17\" \/>\u00a0<span style=\"font-size: 16px; text-align: justify; letter-spacing: 0px; font-weight: bold;\">ViX AV\u00a0<\/span><span style=\"font-size: 16px; text-align: justify; letter-spacing: 0px; font-weight: bold;\"><em>kh\u00f4ng nh\u1eadp l\u1ea1i h\u00e0ng h\u00f3a.<\/em><\/span><\/p>\n<div style=\"padding: 15px; margin-bottom: 20px; border-radius: 4px; color: #31708f; background-color: #d9edf7; text-shadow: rgba(255, 255, 255, 0.2) 0px 1px 0px; box-shadow: rgba(255, 255, 255, 0.25) 0px 1px 0px inset, rgba(0, 0, 0, 0.05) 0px 1px 2px; background-image: linear-gradient(#d9edf7 0px, #b9def0 100%); background-repeat: repeat-x; font-family: 'Helvetica Neue', Helvetica, sans-serif; font-size: 16px; text-align: start; border: 1px solid #9acfea;\">\n<p style=\"margin-bottom: 0px; max-width: 100%; height: auto !important;\"><span style=\"font-weight: bold;\"><span style=\"max-width: 100%; color: #ff0000; height: auto !important;\">L\u01b0u \u00fd:<\/span>\u00a0<\/span><span style=\"max-width: 100%; color: #000000; height: auto !important;\">S\u1ea3n ph\u1ea9m \u0111\u00e3 b\u00e1n v\u00e0 kh\u00f4ng\u00a0n\u1eb1m trong\u00a0c\u00e1c \u0111i\u1ec1u ki\u1ec7n tr\u00ean s\u1ebd kh\u00f4ng \u0111\u01b0\u1ee3c tr\u1ea3 l\u1ea1i, v\u00e0 kh\u00f4ng \u0111\u01b0\u1ee3c ho\u00e0n ti\u1ec1n.<\/span><\/p>\n<\/div>\n<p style=\"margin-bottom: 10px; max-width: 100%; color: #333333; font-family: 'Helvetica Neue', Helvetica, sans-serif; font-size: 16px; text-align: start; height: auto !important;\">Tr\u00ean \u0111\u00e2y l\u00e0 chi ti\u1ebft ch\u00ednh s\u00e1ch \u0111\u1ed5i tr\u1ea3\u00a0s\u1ea3n ph\u1ea9m \u0111\u01b0\u1ee3c b\u00e1n ra t\u1ea1i\u00a0<img decoding=\"async\" style=\"font-size: inherit; letter-spacing: 0px; text-align: inherit; color: #c90000; font-family: Montserrat, sans-serif;\" src=\"https:\/\/vixav.com.vn\/wp-content\/uploads\/2021\/12\/Asset-1.svg\" alt=\"\" width=\"36\" height=\"17\" \/><span style=\"font-size: 16px; text-align: justify;\">\u00a0<\/span><span style=\"font-size: 16px; text-align: justify; letter-spacing: 0px; font-weight: bold;\">ViX AV.<\/span>\u00a0R\u1ea5t hy v\u1ecdng qu\u00fd kh\u00e1ch h\u00e0ng h\u00e0i l\u00f2ng v\u00e0 tin t\u01b0\u1edfng mua h\u00e0ng v\u1edbi\u00a0c\u00e1c ch\u00ednh s\u00e1ch\u00a0c\u1ee7a ch\u00fang t\u00f4i. Vui l\u00f2ng li\u00ean h\u1ec7 HOTLINE<span style=\"max-width: 100%; color: #ff0000; height: auto !important;\"><span style=\"font-weight: bold;\">\u00a0<\/span><\/span>\u0111\u1ec3 \u0111\u01b0\u1ee3c t\u01b0 v\u1ea5n th\u00eam khi mua h\u00e0ng.<\/p>\n<div style=\"padding: 15px; margin-bottom: 20px; border-radius: 4px; color: #31708f; background-color: #d9edf7; text-shadow: rgba(255, 255, 255, 0.2) 0px 1px 0px; box-shadow: rgba(255, 255, 255, 0.25) 0px 1px 0px inset, rgba(0, 0, 0, 0.05) 0px 1px 2px; background-image: linear-gradient(#d9edf7 0px, #b9def0 100%); background-repeat: repeat-x; font-family: 'Helvetica Neue', Helvetica, sans-serif; font-size: 16px; text-align: start; border: 1px solid #9acfea;\">\n<p style=\"margin-bottom: 0px; max-width: 100%; height: auto !important;\"><span style=\"max-width: 100%; color: #ff0000; height: auto !important;\"><span style=\"font-weight: bold;\">L\u01afU \u00dd:<\/span><\/span>\u00a0<span style=\"max-width: 100%; color: #000000; height: auto !important;\">Ngo\u00e0i th\u1eddi gian \u0111\u1ed5i tr\u1ea3 h\u00e0ng nh\u01b0 tr\u00ean, to\u00e0n b\u1ed9 s\u1ebd \u0111\u01b0\u1ee3c b\u1ea3o h\u00e0nh ch\u00ednh h\u00e3ng t\u1ea1i\u00a0<\/span><span style=\"max-width: 100%; color: #000000; height: auto !important;\">theo quy \u0111\u1ecbnh l\u00e0m vi\u1ec7c c\u1ee7a t\u1eebng h\u00e3ng v\u00e0 nh\u00e0 ph\u00e2n ph\u1ed1i.\u00a0<\/span><\/p>\n<\/div>\n<p style=\"margin-bottom: 10px; max-width: 100%; color: #333333; font-family: 'Helvetica Neue', Helvetica, sans-serif; font-size: 16px; text-align: start; height: auto !important;\">Xin ch\u00e2n th\u00e0nh c\u1ea3m \u01a1n v\u00e0 mong \u0111\u01b0\u1ee3c ph\u1ee5c v\u1ee5 Qu\u00fd kh\u00e1ch !<\/p>\t\t\t\t\t\t\t\t<\/div>\n\t\t\t\t<\/div>\n\t\t\t\t\t<\/div>\n\t\t<\/div>\n\t\t\t\t\t<\/div>\n\t\t<\/section>\n\t\t\t\t<\/div>\n\t\t","protected":false},"excerpt":{"rendered":"<p>Ch\u00ednh s\u00e1ch \u0111\u1ed5i tr\u1ea3 h\u00e0ng Nh\u1eb1m \u0111\u1ea3m b\u1ea3o quy\u1ec1n l\u1ee3i t\u1ed1i \u0111a cho kh\u00e1ch h\u00e0ng khi mua s\u1eafm h\u00e0ng h\u00f3a v\u00e0 d\u1ecbch v\u1ee5 ch\u00ednh h\u00e3ng, thu\u1eadn l\u1ee3i nh\u1ea5t trong qu\u00e1<\/p>\n","protected":false},"author":1,"featured_media":0,"parent":0,"menu_order":0,"comment_status":"closed","ping_status":"closed","template":"","meta":{"footnotes":""},"class_list":{"1":"page","2":"type-page","3":"status-publish","4":"hentry"},"_links":{"self":[{"href":"https:\/\/vixav.com.vn\/index.php\/wp-json\/wp\/v2\/pages\/13","targetHints":{"allow":["GET"]}}],"collection":[{"href":"https:\/\/vixav.com.vn\/index.php\/wp-json\/wp\/v2\/pages"}],"about":[{"href":"https:\/\/vixav.com.vn\/index.php\/wp-json\/wp\/v2\/types\/page"}],"author":[{"embeddable":true,"href":"https:\/\/vixav.com.vn\/index.php\/wp-json\/wp\/v2\/users\/1"}],"replies":[{"embeddable":true,"href":"https:\/\/vixav.com.vn\/index.php\/wp-json\/wp\/v2\/comments?post=13"}],"version-history":[{"count":6,"href":"https:\/\/vixav.com.vn\/index.php\/wp-json\/wp\/v2\/pages\/13\/revisions"}],"predecessor-version":[{"id":1414,"href":"https:\/\/vixav.com.vn\/index.php\/wp-json\/wp\/v2\/pages\/13\/revisions\/1414"}],"wp:attachment":[{"href":"https:\/\/vixav.com.vn\/index.php\/wp-json\/wp\/v2\/media?parent=13"}],"curies":[{"name":"wp","href":"https:\/\/api.w.org\/{rel}","templated":true}]}}